{"id":2,"date":"2022-05-04T22:26:14","date_gmt":"2022-05-04T20:26:14","guid":{"rendered":"http:\/\/new.asl-la-chevauchee.fr\/?page_id=2"},"modified":"2023-04-10T22:38:08","modified_gmt":"2023-04-10T20:38:08","slug":"page-d-exemple","status":"publish","type":"page","link":"https:\/\/asl-la-chevauchee.fr\/","title":{"rendered":"Bienvenue sur notre site"},"content":{"rendered":"\n<p>Notre <strong>Association Syndicale Libre R\u00e9sidence La Chevauch\u00e9e <\/strong>est une association de propri\u00e9taires r\u00e9gie par l&rsquo;ordonnance du 1er juillet 2004 et du d\u00e9cret du 3 Mai 2006. L&rsquo;ASL n&rsquo;est donc pas une association r\u00e9gie par la loi de 1901, et, par cons\u00e9quent, ne peut recevoir de subvention comme les autres associations.<br>&nbsp; &nbsp;&nbsp;&nbsp;&nbsp; Elle regroupe tous les propri\u00e9taires de la R\u00e9sidence et assure la gestion des propri\u00e9t\u00e9s communes (espaces verts).<br>&nbsp;&nbsp;&nbsp; &nbsp;&nbsp; Notre R\u00e9sidence existe depuis 1966 (voir l&rsquo;<strong><em><a href=\"http:\/\/asl-la-chevauchee.fr\/index.php\/historique\/\" data-type=\"URL\" data-id=\"http:\/\/asl-la-chevauchee.fr\/index.php\/historique\/\">historique<\/a><\/em><\/strong>) et vous pouvez constater qu&rsquo;elle est bien entretenue et encore plus attractive qu&rsquo;elle n&rsquo;a \u00e9t\u00e9 depuis plus de cinquante ans. Ceci bien s\u00fbr gr\u00e2ce aux r\u00e9sidents mais aussi par l&rsquo;action des b\u00e9n\u00e9voles, \u00e9galement r\u00e9sidents, qui sont mandat\u00e9s par l&rsquo;Assembl\u00e9e G\u00e9n\u00e9rale et qui organisent la gestion des espaces verts et l&rsquo;entretien des parties communes.<br>&nbsp;&nbsp;&nbsp; &nbsp;&nbsp; L&rsquo;ASL R\u00e9sidence La Chevauch\u00e9e est g\u00e9r\u00e9e par un <strong><em><a href=\"http:\/\/asl-la-chevauchee.fr\/index.php\/conseil-syndical\/\" data-type=\"URL\" data-id=\"http:\/\/asl-la-chevauchee.fr\/index.php\/conseil-syndical\/\">Conseil Syndical<\/a><\/em><\/strong> constitu\u00e9 de 8 membres \u00e9lus pour une dur\u00e9e de trois ans par l&rsquo;<strong>Assembl\u00e9e G\u00e9n\u00e9rale <\/strong>qui se r\u00e9unit en mars tous les ans. Les r\u00e9unions du Conseil Syndical sont mensuelles et ponctuelles.<br>&nbsp;&nbsp;&nbsp; &nbsp;&nbsp; Vous pouvez nous <strong><em><a href=\"http:\/\/asl-la-chevauchee.fr\/index.php\/contact\/\" data-type=\"URL\" data-id=\"http:\/\/asl-la-chevauchee.fr\/index.php\/contact\/\">contacter<\/a><\/em><\/strong> ou nous rendre visite au local syndical sur rendez-vous (il n&rsquo;y a pas de permanence).<\/p>\n","protected":false},"excerpt":{"rendered":"<p>Notre Association Syndicale Libre R\u00e9sidence La Chevauch\u00e9e est une association de propri\u00e9taires r\u00e9gie par l&rsquo;ordonnance du 1er juillet 2004 et du d\u00e9cret du 3 Mai 2006. L&rsquo;ASL n&rsquo;est donc pas une association r\u00e9gie par la loi de 1901, et, par cons\u00e9quent, ne peut recevoir de subvention comme les autres associations.&nbsp; &nbsp;&nbsp;&nbsp;&nbsp; Elle regroupe tous les [&hellip;]<\/p>\n","protected":false},"author":1,"featured_media":0,"parent":0,"menu_order":0,"comment_status":"closed","ping_status":"open","template":"","meta":{"footnotes":""},"class_list":["post-2","page","type-page","status-publish","hentry"],"_links":{"self":[{"href":"https:\/\/asl-la-chevauchee.fr\/index.php\/wp-json\/wp\/v2\/pages\/2","targetHints":{"allow":["GET"]}}],"collection":[{"href":"https:\/\/asl-la-chevauchee.fr\/index.php\/wp-json\/wp\/v2\/pages"}],"about":[{"href":"https:\/\/asl-la-chevauchee.fr\/index.php\/wp-json\/wp\/v2\/types\/page"}],"author":[{"embeddable":true,"href":"https:\/\/asl-la-chevauchee.fr\/index.php\/wp-json\/wp\/v2\/users\/1"}],"replies":[{"embeddable":true,"href":"https:\/\/asl-la-chevauchee.fr\/index.php\/wp-json\/wp\/v2\/comments?post=2"}],"version-history":[{"count":10,"href":"https:\/\/asl-la-chevauchee.fr\/index.php\/wp-json\/wp\/v2\/pages\/2\/revisions"}],"predecessor-version":[{"id":265,"href":"https:\/\/asl-la-chevauchee.fr\/index.php\/wp-json\/wp\/v2\/pages\/2\/revisions\/265"}],"wp:attachment":[{"href":"https:\/\/asl-la-chevauchee.fr\/index.php\/wp-json\/wp\/v2\/media?parent=2"}],"curies":[{"name":"wp","href":"https:\/\/api.w.org\/{rel}","templated":true}]}}