{"id":30,"date":"2022-05-05T14:01:27","date_gmt":"2022-05-05T12:01:27","guid":{"rendered":"http:\/\/new.asl-la-chevauchee.fr\/?page_id=30"},"modified":"2025-01-29T21:18:24","modified_gmt":"2025-01-29T20:18:24","slug":"conseil-syndical","status":"publish","type":"page","link":"https:\/\/asl-la-chevauchee.fr\/index.php\/conseil-syndical\/","title":{"rendered":"Conseil syndical"},"content":{"rendered":"\n<p>Voici l&rsquo;ensemble des membres du conseil syndical 2024, \u00e9lus pour une dur\u00e9e de 3 ans :<\/p>\n\n\n\n<p><\/p>\n\n\n\n<p><\/p>\n\n\n\n<div class=\"wp-block-group\"><div class=\"wp-block-group__inner-container is-layout-constrained wp-block-group-is-layout-constrained\">\n<div class=\"wp-block-group\"><div class=\"wp-block-group__inner-container is-layout-constrained wp-block-group-is-layout-constrained\">\n<figure class=\"wp-block-table is-style-stripes\"><table><thead><tr><th>ROLE<\/th><th>NOM<\/th><\/tr><\/thead><tbody><tr><td>Pr\u00e9sidente<\/td><td>Martine JOSCET<\/td><\/tr><tr><td>Vice-Pr\u00e9sident<\/td><td>Michel DUFFAUT<\/td><\/tr><tr><td>Vice-Pr\u00e9sidente<\/td><td>Sylvie GRESSENT<\/td><\/tr><tr><td>Secr\u00e9taire<\/td><td>Estelle MELLOUKI<\/td><\/tr><tr><td>Tr\u00e9sori\u00e8re<\/td><td>Martine JOSCET<\/td><\/tr><tr><td>Conseill\u00e8re administrative<\/td><td>Michelle SENECHAL<\/td><\/tr><tr><td>Conseiller technique<\/td><td>Thierry ROUILLARD<\/td><\/tr><tr><td>Conseiller technique<\/td><td>Ramzy BEN FREDJ<\/td><\/tr><tr><td>Conseill\u00e8re Informatique\/ Contr\u00f4leur Financier<\/td><td>Maeva BOID\u00c9<\/td><\/tr><tr><td>Conseiller technique<\/td><td>Yannick CL\u00c9MENT<\/td><\/tr><tr><td><\/td><td><\/td><\/tr><\/tbody><\/table><\/figure>\n\n\n\n<p><\/p>\n\n\n\n<p><\/p>\n<\/div><\/div>\n<\/div><\/div>\n","protected":false},"excerpt":{"rendered":"<p>Voici l&rsquo;ensemble des membres du conseil syndical 2024, \u00e9lus pour une dur\u00e9e de 3 ans : ROLE NOM Pr\u00e9sidente Martine JOSCET Vice-Pr\u00e9sident Michel DUFFAUT Vice-Pr\u00e9sidente Sylvie GRESSENT Secr\u00e9taire Estelle MELLOUKI Tr\u00e9sori\u00e8re Martine JOSCET Conseill\u00e8re administrative Michelle SENECHAL Conseiller technique Thierry ROUILLARD Conseiller technique Ramzy BEN FREDJ Conseill\u00e8re Informatique\/ Contr\u00f4leur Financier Maeva BOID\u00c9 Conseiller technique Yannick [&hellip;]<\/p>\n","protected":false},"author":1,"featured_media":0,"parent":0,"menu_order":0,"comment_status":"closed","ping_status":"closed","template":"","meta":{"footnotes":""},"class_list":["post-30","page","type-page","status-publish","hentry"],"_links":{"self":[{"href":"https:\/\/asl-la-chevauchee.fr\/index.php\/wp-json\/wp\/v2\/pages\/30","targetHints":{"allow":["GET"]}}],"collection":[{"href":"https:\/\/asl-la-chevauchee.fr\/index.php\/wp-json\/wp\/v2\/pages"}],"about":[{"href":"https:\/\/asl-la-chevauchee.fr\/index.php\/wp-json\/wp\/v2\/types\/page"}],"author":[{"embeddable":true,"href":"https:\/\/asl-la-chevauchee.fr\/index.php\/wp-json\/wp\/v2\/users\/1"}],"replies":[{"embeddable":true,"href":"https:\/\/asl-la-chevauchee.fr\/index.php\/wp-json\/wp\/v2\/comments?post=30"}],"version-history":[{"count":10,"href":"https:\/\/asl-la-chevauchee.fr\/index.php\/wp-json\/wp\/v2\/pages\/30\/revisions"}],"predecessor-version":[{"id":361,"href":"https:\/\/asl-la-chevauchee.fr\/index.php\/wp-json\/wp\/v2\/pages\/30\/revisions\/361"}],"wp:attachment":[{"href":"https:\/\/asl-la-chevauchee.fr\/index.php\/wp-json\/wp\/v2\/media?parent=30"}],"curies":[{"name":"wp","href":"https:\/\/api.w.org\/{rel}","templated":true}]}}