{"id":34,"date":"2022-05-05T14:09:53","date_gmt":"2022-05-05T12:09:53","guid":{"rendered":"http:\/\/new.asl-la-chevauchee.fr\/?page_id=34"},"modified":"2025-01-29T21:15:49","modified_gmt":"2025-01-29T20:15:49","slug":"documents","status":"publish","type":"page","link":"https:\/\/asl-la-chevauchee.fr\/index.php\/documents\/","title":{"rendered":"Documents"},"content":{"rendered":"\n<p>Dans cette rubrique vous trouverez les documents de type :<\/p>\n\n\n\n<p><\/p>\n\n\n\n<ul class=\"wp-block-list\">\n<li>Statuts de l&rsquo;Association Syndicale Libre de la Chevauch\u00e9e<\/li>\n\n\n\n<li>Les documents relatifs aux assembl\u00e9es g\u00e9n\u00e9rales pass\u00e9es<\/li>\n<\/ul>\n\n\n\n<p><\/p>\n","protected":false},"excerpt":{"rendered":"<p>Dans cette rubrique vous trouverez les documents de type :<\/p>\n","protected":false},"author":1,"featured_media":0,"parent":0,"menu_order":0,"comment_status":"closed","ping_status":"closed","template":"","meta":{"footnotes":""},"class_list":["post-34","page","type-page","status-publish","hentry"],"_links":{"self":[{"href":"https:\/\/asl-la-chevauchee.fr\/index.php\/wp-json\/wp\/v2\/pages\/34","targetHints":{"allow":["GET"]}}],"collection":[{"href":"https:\/\/asl-la-chevauchee.fr\/index.php\/wp-json\/wp\/v2\/pages"}],"about":[{"href":"https:\/\/asl-la-chevauchee.fr\/index.php\/wp-json\/wp\/v2\/types\/page"}],"author":[{"embeddable":true,"href":"https:\/\/asl-la-chevauchee.fr\/index.php\/wp-json\/wp\/v2\/users\/1"}],"replies":[{"embeddable":true,"href":"https:\/\/asl-la-chevauchee.fr\/index.php\/wp-json\/wp\/v2\/comments?post=34"}],"version-history":[{"count":4,"href":"https:\/\/asl-la-chevauchee.fr\/index.php\/wp-json\/wp\/v2\/pages\/34\/revisions"}],"predecessor-version":[{"id":360,"href":"https:\/\/asl-la-chevauchee.fr\/index.php\/wp-json\/wp\/v2\/pages\/34\/revisions\/360"}],"wp:attachment":[{"href":"https:\/\/asl-la-chevauchee.fr\/index.php\/wp-json\/wp\/v2\/media?parent=34"}],"curies":[{"name":"wp","href":"https:\/\/api.w.org\/{rel}","templated":true}]}}