{"id":353,"date":"2025-01-29T21:13:45","date_gmt":"2025-01-29T20:13:45","guid":{"rendered":"https:\/\/asl-la-chevauchee.fr\/?page_id=353"},"modified":"2025-02-17T22:19:59","modified_gmt":"2025-02-17T21:19:59","slug":"travaux-rouillon","status":"publish","type":"page","link":"https:\/\/asl-la-chevauchee.fr\/index.php\/travaux-rouillon\/","title":{"rendered":"Travaux"},"content":{"rendered":"\n<p>Nous mettons \u00e0 dispositions dans cet onglet l&rsquo;ensemble des documents concernant les travaux en cours et \u00e9galement les informations \u00e0 propos du Rouillon.<\/p>\n\n\n\n<p><\/p>\n\n\n\n<p><\/p>\n\n\n\n<p><\/p>\n\n\n\n<p><strong><span style=\"text-decoration: underline;\">Travaux du Rouillon<\/span><\/strong><\/p>\n\n\n\n<p><\/p>\n\n\n\n<p><a href=\"http:\/\/asl-la-chevauchee.fr\/wp-content\/uploads\/2024\/03\/Rouillon-Dossier-depot-prefecture.pdf\" data-type=\"link\" data-id=\"http:\/\/asl-la-chevauchee.fr\/wp-content\/uploads\/2024\/03\/Rouillon-Dossier-depot-prefecture.pdf\" target=\"_blank\" rel=\"noreferrer noopener\">Par ce lien<\/a>, vous trouverez l&rsquo;ensemble du dossier de d\u00e9claration d&rsquo;Hydrosph\u00e8re de Mars 2024, faisant r\u00e9f\u00e9rence \u00e0 la restauration de la berge du Rouillon,<\/p>\n\n\n\n<p>ainsi que <a href=\"http:\/\/asl-la-chevauchee.fr\/wp-content\/uploads\/2025\/01\/Bornage-Rouillon.pdf\" data-type=\"link\" data-id=\"http:\/\/asl-la-chevauchee.fr\/wp-content\/uploads\/2025\/01\/Bornage-Rouillon.pdf\" target=\"_blank\" rel=\"noreferrer noopener\">le dossier de bornage<\/a> \u00e9tabli par le G\u00e9om\u00e8tre, qui a pour objet de reconna\u00eetre, d\u00e9finir et fixer d&rsquo;un commun accord et de mani\u00e8re d\u00e9finitive les limites s\u00e9paratives.<\/p>\n\n\n\n<p><\/p>\n\n\n\n<p>\u00c9galement disponible le dossier d&rsquo;accord de la <a href=\"http:\/\/asl-la-chevauchee.fr\/wp-content\/uploads\/2025\/02\/ACCORD-PREF.-DOSSIER-DECLARATION.pdf\" data-type=\"link\" data-id=\"http:\/\/asl-la-chevauchee.fr\/wp-content\/uploads\/2025\/02\/ACCORD-PREF.-DOSSIER-DECLARATION.pdf\">pr\u00e9fecture<\/a><\/p>\n\n\n\n<p><\/p>\n","protected":false},"excerpt":{"rendered":"<p>Nous mettons \u00e0 dispositions dans cet onglet l&rsquo;ensemble des documents concernant les travaux en cours et \u00e9galement les informations \u00e0 propos du Rouillon. Travaux du Rouillon Par ce lien, vous trouverez l&rsquo;ensemble du dossier de d\u00e9claration d&rsquo;Hydrosph\u00e8re de Mars 2024, faisant r\u00e9f\u00e9rence \u00e0 la restauration de la berge du Rouillon, ainsi que le dossier de [&hellip;]<\/p>\n","protected":false},"author":1,"featured_media":0,"parent":0,"menu_order":0,"comment_status":"closed","ping_status":"closed","template":"","meta":{"footnotes":""},"class_list":["post-353","page","type-page","status-publish","hentry"],"_links":{"self":[{"href":"https:\/\/asl-la-chevauchee.fr\/index.php\/wp-json\/wp\/v2\/pages\/353","targetHints":{"allow":["GET"]}}],"collection":[{"href":"https:\/\/asl-la-chevauchee.fr\/index.php\/wp-json\/wp\/v2\/pages"}],"about":[{"href":"https:\/\/asl-la-chevauchee.fr\/index.php\/wp-json\/wp\/v2\/types\/page"}],"author":[{"embeddable":true,"href":"https:\/\/asl-la-chevauchee.fr\/index.php\/wp-json\/wp\/v2\/users\/1"}],"replies":[{"embeddable":true,"href":"https:\/\/asl-la-chevauchee.fr\/index.php\/wp-json\/wp\/v2\/comments?post=353"}],"version-history":[{"count":7,"href":"https:\/\/asl-la-chevauchee.fr\/index.php\/wp-json\/wp\/v2\/pages\/353\/revisions"}],"predecessor-version":[{"id":375,"href":"https:\/\/asl-la-chevauchee.fr\/index.php\/wp-json\/wp\/v2\/pages\/353\/revisions\/375"}],"wp:attachment":[{"href":"https:\/\/asl-la-chevauchee.fr\/index.php\/wp-json\/wp\/v2\/media?parent=353"}],"curies":[{"name":"wp","href":"https:\/\/api.w.org\/{rel}","templated":true}]}}