{"id":36,"date":"2022-05-05T14:14:07","date_gmt":"2022-05-05T12:14:07","guid":{"rendered":"http:\/\/new.asl-la-chevauchee.fr\/?page_id=36"},"modified":"2025-01-25T20:12:59","modified_gmt":"2025-01-25T19:12:59","slug":"statuts","status":"publish","type":"page","link":"https:\/\/asl-la-chevauchee.fr\/index.php\/statuts\/","title":{"rendered":"Statuts"},"content":{"rendered":"\n<p>L&rsquo;<strong>ASL R\u00e9sidence La Chevauch\u00e9e <\/strong>a \u00e9t\u00e9 cr\u00e9\u00e9e suite \u00e0 la dissolution de la SCI le 8 mai 1981.<br>&nbsp;&nbsp;&nbsp; &nbsp;&nbsp;&nbsp; Il en r\u00e9sulte que seule subsiste la copropri\u00e9t\u00e9 des espaces verts et du local syndical.<br>&nbsp;&nbsp;&nbsp; &nbsp;&nbsp;&nbsp; Les parties en toute propri\u00e9t\u00e9 sont d\u00e8s lors constitu\u00e9es des maisons et des jardins privatifs.<br>&nbsp;&nbsp;&nbsp; &nbsp;&nbsp;&nbsp; La cession de la voirie \u00e0 la mairie est en cours et concerne les parcelles AK464, AK595, AK633, AK634, AK834 et AM150, AM119, AM116.<strong><br><br>&nbsp;&nbsp;&nbsp; Documents en t\u00e9l\u00e9chargement :<\/strong><\/p>\n\n\n\n<p><\/p>\n\n\n\n<p><a href=\"http:\/\/asl-la-chevauchee.fr\/wp-content\/uploads\/2025\/01\/2017-REGLE_COPRO.pdf\" data-type=\"link\" data-id=\"http:\/\/asl-la-chevauchee.fr\/wp-content\/uploads\/2024\/02\/2017-CAHIER_CHARGES.pdf\" target=\"_blank\" rel=\"noreferrer noopener\"><strong>REGLEMENT DE COPROPRIETE de la R\u00e9sidence de La Chevauch\u00e9e<\/strong><\/a><\/p>\n\n\n\n<p><\/p>\n\n\n\n<p><a href=\"http:\/\/asl-la-chevauchee.fr\/wp-content\/uploads\/2024\/02\/2017-CAHIER_CHARGES.pdf\" data-type=\"link\" data-id=\"http:\/\/asl-la-chevauchee.fr\/wp-content\/uploads\/2024\/02\/2017-CAHIER_CHARGES.pdf\" target=\"_blank\" rel=\"noreferrer noopener\"><strong>CAHIER DES CHARGES de la R\u00e9sidence de La Chevauch\u00e9e<\/strong><\/a><br><br><strong><a href=\"http:\/\/asl-la-chevauchee.fr\/wp-content\/uploads\/2023\/02\/plan-cadastral-la-chevaucheee.pdf\" data-type=\"URL\" data-id=\"http:\/\/asl-la-chevauchee.fr\/wp-content\/uploads\/2023\/02\/plan-cadastral-la-chevaucheee.pdf\" target=\"_blank\" rel=\"noreferrer noopener\">Extrait du Plan cadastral de la R\u00e9sidence La Chevauch\u00e9e<\/a><\/strong><br><br><strong><a href=\"http:\/\/asl-la-chevauchee.fr\/wp-content\/uploads\/2023\/02\/2021-STATUTS.pdf\" data-type=\"URL\" data-id=\"http:\/\/asl-la-chevauchee.fr\/wp-content\/uploads\/2023\/02\/2021-STATUTS.pdf\" target=\"_blank\" rel=\"noreferrer noopener\">Statuts modifi\u00e9s vot\u00e9s en AGE du 26 mars 2021 de l&rsquo;ASL R\u00e9sidence La Chevauch\u00e9e<\/a><br>&nbsp;&nbsp;&nbsp; &nbsp;&nbsp;&nbsp; <\/strong><a href=\"http:\/\/asl-la-chevauchee.fr\/wp-content\/uploads\/2023\/02\/2021-JO-modif-statuts.pdf\" data-type=\"URL\" data-id=\"http:\/\/asl-la-chevauchee.fr\/wp-content\/uploads\/2023\/02\/2021-JO-modif-statuts.pdf\" target=\"_blank\" rel=\"noreferrer noopener\">Extrait du JO du 11 mai 2021<\/a><br><br><strong><a href=\"http:\/\/asl-la-chevauchee.fr\/wp-content\/uploads\/2023\/02\/2017-STATUTS.pdf\" data-type=\"URL\" data-id=\"http:\/\/asl-la-chevauchee.fr\/wp-content\/uploads\/2023\/02\/2017-STATUTS.pdf\" target=\"_blank\" rel=\"noreferrer noopener\">Statuts modifi\u00e9s vot\u00e9s en AGE du 24 novembre 2017 de l&rsquo;ASL R\u00e9sidence La Chevauch\u00e9e<\/a><br>&nbsp;&nbsp;&nbsp; &nbsp;&nbsp;&nbsp; <\/strong><a href=\"http:\/\/asl-la-chevauchee.fr\/wp-content\/uploads\/2023\/02\/2017-JO-23-12.pdf\" data-type=\"URL\" data-id=\"http:\/\/asl-la-chevauchee.fr\/wp-content\/uploads\/2023\/02\/2017-JO-23-12.pdf\" target=\"_blank\" rel=\"noreferrer noopener\">Extrait du JO du 23 d\u00e9cembre 2017<\/a><br><strong>&nbsp;&nbsp;&nbsp;&nbsp;&nbsp;&nbsp;&nbsp;&nbsp; <br><\/strong><a href=\"http:\/\/asl-la-chevauchee.fr\/wp-content\/uploads\/2023\/02\/2013-STATUTS.pdf\" data-type=\"URL\" data-id=\"http:\/\/asl-la-chevauchee.fr\/wp-content\/uploads\/2023\/02\/2013-STATUTS.pdf\" target=\"_blank\" rel=\"noreferrer noopener\"><strong>Statuts de l&rsquo;ASL R\u00e9sidence La Chevauch\u00e9e de 2013<\/strong><\/a><small> &nbsp;&nbsp; &nbsp;&nbsp; &nbsp;&nbsp; &nbsp;&nbsp;&nbsp;<br>&nbsp;&nbsp;&nbsp; &nbsp;&nbsp;&nbsp; &nbsp;&nbsp;<\/small><a href=\"http:\/\/asl-la-chevauchee.fr\/wp-content\/uploads\/2023\/02\/2013-JO-30-11.pdf\" data-type=\"URL\" data-id=\"http:\/\/asl-la-chevauchee.fr\/wp-content\/uploads\/2023\/02\/2013-JO-30-11.pdf\" target=\"_blank\" rel=\"noreferrer noopener\">Extrait du JO du 30 novembre 2013<\/a><\/p>\n\n\n\n<p><\/p>\n\n\n\n<h2 class=\"wp-block-heading\"><\/h2>\n\n\n\n<p><small>&nbsp;&nbsp;&nbsp; &nbsp;&nbsp; &nbsp; &nbsp; &nbsp; <a href=\"http:\/\/asl-la-chevauchee.fr\/pdf\/partage-ASL-1983-84.pdf\" target=\"_blank\" rel=\"noreferrer noopener\">DISSOLUTION DE LA SCI EN 1981:<\/a><br><\/small><\/p>\n\n\n\n<h2 class=\"wp-block-heading\"><small><a href=\"http:\/\/asl-la-chevauchee.fr\/wp-content\/uploads\/2023\/02\/1983-partage-ASL.pdf\" data-type=\"URL\" data-id=\"http:\/\/asl-la-chevauchee.fr\/wp-content\/uploads\/2023\/02\/1983-partage-ASL.pdf\" target=\"_blank\" rel=\"noreferrer noopener\"><em>&#8211; Le projet de partage de l&rsquo;ancienne SCI du 23 novembre 1983<\/em><br><em>&#8211; L&rsquo;approbation partielle du 30 d\u00e9cembre 1983<\/em><br><em>&#8211; L&rsquo;approbation d\u00e9finitive du 10 f\u00e9vrier 1984<\/em><\/a><\/small><\/h2>\n\n\n\n<p><\/p>\n","protected":false},"excerpt":{"rendered":"<p>L&rsquo;ASL R\u00e9sidence La Chevauch\u00e9e a \u00e9t\u00e9 cr\u00e9\u00e9e suite \u00e0 la dissolution de la SCI le 8 mai 1981.&nbsp;&nbsp;&nbsp; &nbsp;&nbsp;&nbsp; Il en r\u00e9sulte que seule subsiste la copropri\u00e9t\u00e9 des espaces verts et du local syndical.&nbsp;&nbsp;&nbsp; &nbsp;&nbsp;&nbsp; Les parties en toute propri\u00e9t\u00e9 sont d\u00e8s lors constitu\u00e9es des maisons et des jardins privatifs.&nbsp;&nbsp;&nbsp; &nbsp;&nbsp;&nbsp; La cession de la [&hellip;]<\/p>\n","protected":false},"author":1,"featured_media":0,"parent":0,"menu_order":0,"comment_status":"closed","ping_status":"closed","template":"","meta":{"footnotes":""},"class_list":["post-36","page","type-page","status-publish","hentry"],"_links":{"self":[{"href":"https:\/\/asl-la-chevauchee.fr\/index.php\/wp-json\/wp\/v2\/pages\/36","targetHints":{"allow":["GET"]}}],"collection":[{"href":"https:\/\/asl-la-chevauchee.fr\/index.php\/wp-json\/wp\/v2\/pages"}],"about":[{"href":"https:\/\/asl-la-chevauchee.fr\/index.php\/wp-json\/wp\/v2\/types\/page"}],"author":[{"embeddable":true,"href":"https:\/\/asl-la-chevauchee.fr\/index.php\/wp-json\/wp\/v2\/users\/1"}],"replies":[{"embeddable":true,"href":"https:\/\/asl-la-chevauchee.fr\/index.php\/wp-json\/wp\/v2\/comments?post=36"}],"version-history":[{"count":8,"href":"https:\/\/asl-la-chevauchee.fr\/index.php\/wp-json\/wp\/v2\/pages\/36\/revisions"}],"predecessor-version":[{"id":347,"href":"https:\/\/asl-la-chevauchee.fr\/index.php\/wp-json\/wp\/v2\/pages\/36\/revisions\/347"}],"wp:attachment":[{"href":"https:\/\/asl-la-chevauchee.fr\/index.php\/wp-json\/wp\/v2\/media?parent=36"}],"curies":[{"name":"wp","href":"https:\/\/api.w.org\/{rel}","templated":true}]}}